{"id":36,"date":"2023-01-10T14:45:56","date_gmt":"2023-01-10T17:45:56","guid":{"rendered":"https:\/\/pcdiscount.com.ar\/ar\/?page_id=36"},"modified":"2023-09-18T21:59:41","modified_gmt":"2023-09-19T00:59:41","slug":"cuenta","status":"publish","type":"page","link":"https:\/\/pcdiscount.com.ar\/ar\/cuenta\/","title":{"rendered":"Mi cuenta"},"content":{"rendered":"\t\t<div data-elementor-type=\"wp-page\" data-elementor-id=\"36\" class=\"elementor elementor-36\" data-elementor-post-type=\"page\">\n\t\t\t\t<div class=\"elementor-element elementor-element-86c19ce e-flex e-con-boxed e-con e-parent\" data-id=\"86c19ce\" data-element_type=\"container\" data-e-type=\"container\">\n\t\t\t\t\t<div class=\"e-con-inner\">\n\t\t\t\t<div class=\"elementor-element elementor-element-594196a elementor-widget elementor-widget-heading\" data-id=\"594196a\" data-element_type=\"widget\" data-e-type=\"widget\" data-widget_type=\"heading.default\">\n\t\t\t\t\t<h1 class=\"elementor-heading-title elementor-size-default\">Mi cuenta<\/h1>\t\t\t\t<\/div>\n\t\t\t\t<div class=\"elementor-element elementor-element-aa6327d e-my-account-tabs-vertical elementor-widget elementor-widget-woocommerce-my-account\" data-id=\"aa6327d\" data-element_type=\"widget\" data-e-type=\"widget\" data-widget_type=\"woocommerce-my-account.default\">\n\t\t\t\t\t<div class=\"e-my-account-tab e-my-account-tab__ \">\t\t\t<div class=\"woocommerce\"><\/div>\t\t<\/div>\n\t\t\t\t\t\t<\/div>\n\t\t\t\t\t<\/div>\n\t\t\t\t<\/div>\n\t\t\t\t<\/div>\n\t\t","protected":false},"excerpt":{"rendered":"<p>Dashboard Orders Downloads Addresses Account Details Logout Hola pcdiscount (\u00bfno eres pcdiscount? Cerrar sesi\u00f3n) Desde el escritorio de tu cuenta puedes ver tus pedidos recientes, gestionar tus direcciones de env\u00edo y facturaci\u00f3n y editar tu contrase\u00f1a y los detalles de tu cuenta.<\/p>\n","protected":false},"author":12,"featured_media":0,"parent":0,"menu_order":0,"comment_status":"closed","ping_status":"closed","template":"elementor_header_footer","meta":{"_acf_changed":false,"slim_seo":{"title":"Mi cuenta - PcDiscount","description":""},"footnotes":""},"class_list":["post-36","page","type-page","status-publish","hentry"],"acf":[],"_links":{"self":[{"href":"https:\/\/pcdiscount.com.ar\/ar\/wp-json\/wp\/v2\/pages\/36","targetHints":{"allow":["GET"]}}],"collection":[{"href":"https:\/\/pcdiscount.com.ar\/ar\/wp-json\/wp\/v2\/pages"}],"about":[{"href":"https:\/\/pcdiscount.com.ar\/ar\/wp-json\/wp\/v2\/types\/page"}],"author":[{"embeddable":true,"href":"https:\/\/pcdiscount.com.ar\/ar\/wp-json\/wp\/v2\/users\/12"}],"replies":[{"embeddable":true,"href":"https:\/\/pcdiscount.com.ar\/ar\/wp-json\/wp\/v2\/comments?post=36"}],"version-history":[{"count":3,"href":"https:\/\/pcdiscount.com.ar\/ar\/wp-json\/wp\/v2\/pages\/36\/revisions"}],"predecessor-version":[{"id":440,"href":"https:\/\/pcdiscount.com.ar\/ar\/wp-json\/wp\/v2\/pages\/36\/revisions\/440"}],"wp:attachment":[{"href":"https:\/\/pcdiscount.com.ar\/ar\/wp-json\/wp\/v2\/media?parent=36"}],"curies":[{"name":"wp","href":"https:\/\/api.w.org\/{rel}","templated":true}]}}